{"id":2,"date":"2025-12-11T10:26:24","date_gmt":"2025-12-11T10:26:24","guid":{"rendered":"https:\/\/direktencitytorget.se\/?page_id=2"},"modified":"2026-04-06T23:28:10","modified_gmt":"2026-04-06T23:28:10","slug":"hem","status":"publish","type":"page","link":"https:\/\/direktencitytorget.se\/","title":{"rendered":"Direkten Citytorget"},"content":{"rendered":"<div class=\"brz brz-root__container brz-reset-all brz-root__container-page\">\n<section id=\"bBw2EIClFdHP_bBw2EIClFdHP\" class=\"brz-section brz-css-d-section brz-css-fwj34u\">\n<div class=\"brz-section__content brz-section--boxed brz-css-d-sectionitem-bg brz-css-1cz93eg\" data-brz-custom-id=\"eB3whM3JVa6u\">\n<div class=\"brz-bg\">\n<div class=\"brz-bg-image\"><\/div>\n<div class=\"brz-bg-color\"><\/div>\n<\/div>\n<div class=\"brz-container brz-css-d-sectionitem-container brz-css-1gnj20\">\n<div id=\"\" data-brz-iteration-count=\"1\" class=\"brz-css-d-wrapper brz-css-1osz19o brz-wrapper brz-animated brz-css-d-wrapper-animation-zoomin-500-1000-false brz-css-hxb883\" data-animationid=\"xyd5HmEZdkUk\">\n<div class=\"brz-image brz-css-d-image-xhdh7hxqsskl-parent brz-css-1krin8c\" data-brz-custom-id=\"xHdh7HXqssKl\"><img decoding=\"async\" class=\"brz-img brz-img-svg\" src=\"https:\/\/direktencitytorget.se\/wp-content\/uploads\/2025\/12\/direkten-1.svg\" loading=\"lazy\" title=\"\"><\/div>\n<\/div>\n<\/div>\n<\/div>\n<\/section>\n<section id=\"xX0xRjizCnb4_xX0xRjizCnb4\" class=\"brz-section brz-css-d-section brz-css-55r8qo\">\n<div class=\"brz-section__content brz-section--boxed brz-css-d-sectionitem-bg brz-css-dwfq0f\" data-brz-custom-id=\"yo84en3R3HKB\">\n<div class=\"brz-container brz-css-d-sectionitem-container brz-css-fpgt5s\">\n<div class=\"brz-row__container brz-css-d-row-row brz-css-133rhw\" data-brz-custom-id=\"teuQS7y6ZwYq\">\n<div class=\"brz-row brz-css-d-row-container brz-css-r-row-container brz-css-2vdxpe\">\n<div class=\"brz-columns brz-css-d-column-column brz-css-14yd5ld\" data-brz-custom-id=\"vH8jCU96h1pc\">\n<div class=\"brz-column__items brz-css-d-column-bg brz-css-1c258tv\">\n<div id=\"\" class=\"brz-css-d-wrapper brz-css-10slbpi brz-wrapper\">\n<div class=\"brz-hover-animation__container brz-css-d-image-kdzgs1kupt_x-parent-hover brz-css-g9sbbs\" data-brz-hover-animationid=\"eSSB5W4hXlDa\" data-brz-hover-options=\"%7B%22fill%22:%22forwards%22,%22easing%22:%22ease%22,%22duration%22:200,%22iterations%22:1%7D\" data-brz-hover-reversible=\"true\" data-brz-hover-target=\"%22firstChild%22\" data-brz-hover-animation=\"%5B%7B%22WebkitTransform%22:%22scale(1.1)%22,%22transform%22:%22scale(1.1)%22,%22offset%22:1%7D%5D\" data-brz-custom-id=\"kdzGs1KUPt_X\">\n<div class=\"brz-image brz-image--hovered brz-css-d-image-kdzgs1kupt_x-parent brz-css-1qlp3cj\"><a class=\"brz-a\" target=\"_blank\" rel=\"noopener noreferrer\" href=\"https:\/\/trk.affiliates.dbet.com\/o\/KJFaOH?lpage=gjk13z&amp;site_id=7013501\" data-brz-link-type=\"external\"><img decoding=\"async\" class=\"brz-img\" src=\"https:\/\/direktencitytorget.se\/wp-content\/uploads\/brizy\/imgs\/dbet-scaled-360x206x0x0x360x206x1765744876.jpg\" loading=\"lazy\" title=\"\"><\/a><\/div>\n<\/div>\n<\/div>\n<div id=\"\" class=\"brz-css-d-wrapper brz-css-1hema0o brz-wrapper\">\n<div class=\"brz-rich-text brz-rich-text__custom brz-css-d-richtext brz-css-9o4pc4\" data-brz-custom-id=\"cloqa804u6ZU\">\n<div data-brz-translate-text=\"1\">\n<h5 class=\"brz-tp-lg-heading5 brz-css-naE_d\" data-generated-css=\"brz-css-bkdNT\" data-uniq-id=\"kmThn\"><span class=\"brz-cp-color2\">DBET<\/span><\/h5>\n<\/div>\n<\/div>\n<\/div>\n<div id=\"\" class=\"brz-css-d-wrapper brz-css-18xjiv5 brz-wrapper\">\n<div class=\"brz-rich-text brz-rich-text__custom brz-css-d-richtext brz-css-1ay11et\" data-brz-custom-id=\"c8GGD_iQQuel\">\n<div data-brz-translate-text=\"1\">\n<div class=\"ql-editor brz-css-raWmt\" data-gramm=\"false\" data-placeholder=\"Enter text here...\">\n<p class=\"brz-tp-lg-paragraph brz-css-laz2r\" data-uniq-id=\"ri6iV\" data-generated-css=\"brz-css-ewrir\"><span class=\"brz-cp-color7\">Vill du prova n\u00e5got nytt? Utmanaren till alla andra poolspel som vi \u00e4r vana vid. P\u00e5 Dbet hittar ni Supertipset och m\u00e5nga fler poolspelsprodukter i andelsform. Systemen l\u00e4mnas alltid in, minskas aldrig och har en st\u00f6rre andel av potten i utbetalning till spelarna.<\/span><\/p>\n<\/div>\n<div class=\"ql-clipboard brz-css-jRIdI\"><\/div>\n<\/div>\n<\/div>\n<\/div>\n<div class=\"brz-wrapper-clone brz-flex-xs-wrap brz-css-d-cloneable brz-css-1olu1xy\" data-brz-custom-id=\"vSM0qPXzwxz0\"><a class=\"brz-a brz-btn brz-css-d-button brz-css-u0rqfo brz-css-d-button-bg brz-css-13w1n70\" target=\"_blank\" rel=\"noopener noreferrer\" href=\"https:\/\/trk.affiliates.dbet.com\/o\/KJFaOH?lpage=gjk13z&amp;site_id=7013501\" data-brz-link-type=\"external\" data-brz-custom-id=\"zJYFdiWX40Xc\"><span data-brz-translate-text=\"1\" class=\"brz-span brz-text__editor\">Till DBET<\/span><\/a><\/div>\n<\/div>\n<\/div>\n<div class=\"brz-columns brz-css-d-column-column brz-css-dogtx8\" data-brz-custom-id=\"jk03nLxchDva\">\n<div class=\"brz-column__items brz-css-d-column-bg brz-css-1fuw1g8\">\n<div id=\"\" class=\"brz-css-d-wrapper brz-css-1w8iw74 brz-wrapper\">\n<div class=\"brz-hover-animation__container brz-css-d-image-ugmoxdj59ojw-parent-hover brz-css-10uhenh\" data-brz-hover-animationid=\"fttOHh2U0g2L\" data-brz-hover-options=\"%7B%22fill%22:%22forwards%22,%22easing%22:%22ease%22,%22duration%22:200,%22iterations%22:1%7D\" data-brz-hover-reversible=\"true\" data-brz-hover-target=\"%22firstChild%22\" data-brz-hover-animation=\"%5B%7B%22WebkitTransform%22:%22scale(1.1)%22,%22transform%22:%22scale(1.1)%22,%22offset%22:1%7D%5D\" data-brz-custom-id=\"ugmoXdJ59ojW\">\n<div class=\"brz-image brz-image--hovered brz-css-d-image-ugmoxdj59ojw-parent brz-css-tqeegc\"><a class=\"brz-a\" target=\"_blank\" rel=\"noopener noreferrer\" href=\"https:\/\/spela.svenskaspel.se\/spela-tillsammans\/ombudslag\/22131-direkten-city-torget\" data-brz-link-type=\"external\"><img decoding=\"async\" class=\"brz-img\" src=\"https:\/\/direktencitytorget.se\/wp-content\/uploads\/2025\/12\/svensk-spel-scaled.jpg\" loading=\"lazy\" title=\"\"><\/a><\/div>\n<\/div>\n<\/div>\n<div id=\"\" class=\"brz-css-d-wrapper brz-css-1jxj3k0 brz-wrapper\">\n<div class=\"brz-rich-text brz-rich-text__custom brz-css-d-richtext brz-css-1xm4b6d\" data-brz-custom-id=\"o8ULittQ3vw5\">\n<div data-brz-translate-text=\"1\">\n<h5 class=\"brz-tp-lg-heading5 brz-css-tkQuj\" data-generated-css=\"brz-css-kLAPV\" data-uniq-id=\"sp2WZ\"><span class=\"brz-cp-color2\">Svenska Spel<\/span><\/h5>\n<\/div>\n<\/div>\n<\/div>\n<div id=\"\" class=\"brz-css-d-wrapper brz-css-1hx5aom brz-wrapper\">\n<div class=\"brz-rich-text brz-rich-text__custom brz-css-d-richtext brz-css-gpb8co\" data-brz-custom-id=\"mrmsYhJbdyiq\">\n<div data-brz-translate-text=\"1\">\n<p class=\"brz-tp-lg-paragraph brz-css-mfZTz\" data-uniq-id=\"nZmjl\" data-generated-css=\"brz-css-u9he8\"><span class=\"brz-cp-color7\">V\u00e4lkommen till ett av Sveriges ledande ombud! Under 2024 f\u00f6rmedlade vi vinster p\u00e5 \u00f6ver 36 miljoner kronor \u2013 inklusive fyra miljonvinster, d\u00e4r vi var ensamvinnare p\u00e5 tv\u00e5 av dem. Redan i \u00e5r har v\u00e5ra kunder vunnit n\u00e4rmare 31 miljoner kronor. Erfarenhet, kunskap och resultat \u2013 vi vet vad vi h\u00e5ller p\u00e5 med.<\/span><\/p>\n<\/div>\n<\/div>\n<\/div>\n<div class=\"brz-wrapper-clone brz-flex-xs-wrap brz-css-d-cloneable brz-css-tcmj33\" data-brz-custom-id=\"wb8lcrhmvHfK\"><a class=\"brz-a brz-btn brz-css-d-button brz-css-ffsbjv brz-css-d-button-bg brz-css-y0aq72\" target=\"_blank\" rel=\"noopener noreferrer\" href=\"https:\/\/spela.svenskaspel.se\/spela-tillsammans\/ombudslag\/22131-direkten-city-torget\" data-brz-link-type=\"external\" data-brz-custom-id=\"rHx4QdQ9vQO4\"><span data-brz-translate-text=\"1\" class=\"brz-span brz-text__editor\">Till Svenska Spel<\/span><\/a><\/div>\n<\/div>\n<\/div>\n<div class=\"brz-columns brz-css-d-column-column brz-css-fvynob\" data-brz-custom-id=\"zWCCS6MG1yJO\">\n<div class=\"brz-column__items brz-css-d-column-bg brz-css-d7vjgh\">\n<div id=\"\" class=\"brz-css-d-wrapper brz-css-pocpde brz-wrapper\">\n<div class=\"brz-hover-animation__container brz-css-d-image-e_2e54jzhxak-parent-hover brz-css-zrjyrg\" data-brz-hover-animationid=\"xHuJHuLnc_rj\" data-brz-hover-options=\"%7B%22fill%22:%22forwards%22,%22easing%22:%22ease%22,%22duration%22:200,%22iterations%22:1%7D\" data-brz-hover-reversible=\"true\" data-brz-hover-target=\"%22firstChild%22\" data-brz-hover-animation=\"%5B%7B%22WebkitTransform%22:%22scale(1.1)%22,%22transform%22:%22scale(1.1)%22,%22offset%22:1%7D%5D\" data-brz-custom-id=\"e_2e54jzHXak\">\n<div class=\"brz-image brz-image--hovered brz-css-d-image-e_2e54jzhxak-parent brz-css-zgi7kx\"><a class=\"brz-a\" target=\"_blank\" rel=\"noopener noreferrer\" href=\"https:\/\/www.atg.se\/direktencitytorget\" data-brz-link-type=\"external\"><img decoding=\"async\" class=\"brz-img\" src=\"https:\/\/direktencitytorget.se\/wp-content\/uploads\/brizy\/imgs\/atg-scaled-361x206x0x0x361x206x1765744878.jpg\" loading=\"lazy\" title=\"\"><\/a><\/div>\n<\/div>\n<\/div>\n<div id=\"\" class=\"brz-css-d-wrapper brz-css-1x92bog brz-wrapper\">\n<div class=\"brz-rich-text brz-rich-text__custom brz-css-d-richtext brz-css-z98nin\" data-brz-custom-id=\"dYzedhRQh4Y8\">\n<div data-brz-translate-text=\"1\">\n<h5 class=\"brz-tp-lg-heading5 brz-css-lW12N\" data-uniq-id=\"r93BE\" data-generated-css=\"brz-css-b1wjs\"><span class=\"brz-cp-color2\">ATG<\/span><\/h5>\n<\/div>\n<\/div>\n<\/div>\n<div id=\"\" class=\"brz-css-d-wrapper brz-css-17xwznd brz-wrapper\">\n<div class=\"brz-rich-text brz-rich-text__custom brz-css-d-richtext brz-css-o57wpb\" data-brz-custom-id=\"tlPFsAY622aH\">\n<div data-brz-translate-text=\"1\">\n<div class=\"ql-editor brz-css-fwc05\" data-gramm=\"false\" data-placeholder=\"Enter text here...\">\n<p class=\"brz-tp-lg-paragraph brz-css-jJN_U\" data-uniq-id=\"clICc\" data-generated-css=\"brz-css-jZz_q\"><span class=\"brz-cp-color7\">Vid fler \u00e4n tio tillf\u00e4llen under de senaste \u00e5ren har vi delat ut mest pengar i hela Sverige. V\u00e4lkomna till v\u00e5ra andelar hos ATG.<\/span><\/p>\n<\/div>\n<div class=\"ql-clipboard brz-css-xQ_v9\"><\/div>\n<\/div>\n<\/div>\n<\/div>\n<div class=\"brz-wrapper-clone brz-flex-xs-wrap brz-css-d-cloneable brz-css-11v0bgx\" data-brz-custom-id=\"btB8gh7WGA8b\"><a class=\"brz-a brz-btn brz-css-d-button brz-css-1358xun brz-css-d-button-bg brz-css-4epa5m\" target=\"_blank\" rel=\"noopener noreferrer\" href=\"https:\/\/www.atg.se\/direktencitytorget\" data-brz-link-type=\"external\" data-brz-custom-id=\"o7b_K66R4AyB\"><span data-brz-translate-text=\"1\" class=\"brz-span brz-text__editor\">Till ATG<\/span><\/a><\/div>\n<\/div>\n<\/div>\n<\/div>\n<\/div>\n<\/div>\n<\/div>\n<\/section>\n<footer id=\"iFmFsm8RCQ5y_iFmFsm8RCQ5y\" class=\"brz-footer brz-css-d-sectionfooter-section brz-css-1l1r0zh\" data-brz-custom-id=\"iFmFsm8RCQ5y\">\n<div class=\"brz-bg\">\n<div class=\"brz-bg-color\"><\/div>\n<\/div>\n<div class=\"brz-container brz-css-d-sectionfooter-container brz-css-yi473q\">\n<div class=\"brz-row__container brz-css-d-row-row brz-css-fhpgey\" data-brz-custom-id=\"nf7vDCw0DHyD\">\n<div class=\"brz-row brz-css-d-row-container brz-css-mhmsie\">\n<div class=\"brz-columns brz-css-d-column-column brz-css-1ufd4u\" data-brz-custom-id=\"edfUiuN670sS\">\n<div class=\"brz-column__items brz-css-d-column-bg brz-css-1sbwb8r\">\n<div id=\"\" class=\"brz-css-d-wrapper brz-css-uxgw4u brz-wrapper\">\n<div class=\"brz-rich-text brz-rich-text__custom brz-css-d-richtext brz-css-1gwye0m\" data-brz-custom-id=\"flzupbbHkqsA\">\n<div data-brz-translate-text=\"1\">\n<p class=\"brz-fw-xs-700 brz-fs-sm-12 brz-tp-lg-abovetitle brz-text-xs-center brz-ls-xs-2 brz-ls-sm-2 brz-lh-sm-1_7 brz-fs-xs-13 brz-lh-xs-1_7 brz-text-sm-left brz-fw-sm-700 brz-css-tJmXK\" data-uniq-id=\"nZ7Q8\" data-generated-css=\"brz-css-m2i4L\">\u00d6PPETTIDER<\/p>\n<\/div>\n<\/div>\n<\/div>\n<div id=\"\" class=\"brz-css-d-wrapper brz-css-1mrkqvc brz-wrapper\">\n<div class=\"brz-rich-text brz-rich-text__custom brz-css-d-richtext brz-css-a7ndhi\" data-brz-custom-id=\"yecpPEXpDTjX\">\n<div data-brz-translate-text=\"1\">\n<p class=\"brz-text-xs-center brz-text-sm-justify brz-text-lg-left brz-tp-lg-paragraph brz-ft-google brz-fs-lg-16 brz-fss-lg-px brz-fw-lg-400 brz-lh-lg-1_3 brz-ls-lg-0 brz-vfw-lg-400 brz-fwdth-lg-100 brz-fsft-lg-0 brz-fss-sm-px brz-fss-xs-px brz-css-xOKOj\" data-uniq-id=\"hgUGh\" data-generated-css=\"brz-css-p87Ah\"><strong class=\"brz-cp-color7\">Vardagar:<\/strong><span class=\"brz-cp-color7\"> 9-21<\/span><\/p>\n<p data-uniq-id=\"oNdKO\" data-generated-css=\"brz-css-scoyW\" class=\"brz-text-xs-center brz-text-sm-justify brz-text-lg-left brz-tp-lg-paragraph brz-ft-google brz-fs-lg-16 brz-fss-lg-px brz-fw-lg-400 brz-lh-lg-1_3 brz-ls-lg-0 brz-vfw-lg-400 brz-fwdth-lg-100 brz-fsft-lg-0 brz-fss-sm-px brz-fss-xs-px brz-css-zO6Tb\"><strong class=\"brz-cp-color7\">L\u00f6rdagar:<\/strong><span class=\"brz-cp-color7\"> 9-19<\/span><\/p>\n<p data-uniq-id=\"euQf0\" data-generated-css=\"brz-css-wEuQS\" class=\"brz-text-xs-center brz-text-sm-justify brz-text-lg-left brz-tp-lg-paragraph brz-ft-google brz-fs-lg-16 brz-fss-lg-px brz-fw-lg-400 brz-lh-lg-1_3 brz-ls-lg-0 brz-vfw-lg-400 brz-fwdth-lg-100 brz-fsft-lg-0 brz-fss-sm-px brz-fss-xs-px brz-css-fwUOl\"><strong class=\"brz-cp-color7\">S\u00f6ndagar:<\/strong><span class=\"brz-cp-color7\"> 10-18 <\/span><\/p>\n<\/div>\n<\/div>\n<\/div>\n<\/div>\n<\/div>\n<div class=\"brz-columns brz-css-d-column-column brz-css-jfb5fy\" data-brz-custom-id=\"bbmWO2jV8szp\">\n<div class=\"brz-column__items brz-css-d-column-bg brz-css-15i02mr\">\n<div id=\"\" class=\"brz-css-d-wrapper brz-css-1bw1fyj brz-wrapper\">\n<div class=\"brz-rich-text brz-rich-text__custom brz-css-d-richtext brz-css-ph3j7i\" data-brz-custom-id=\"ymO5Z15ZZ5eY\">\n<div data-brz-translate-text=\"1\">\n<p class=\"brz-fw-xs-700 brz-lh-xs-1_7 brz-fs-xs-13 brz-lh-sm-1_7 brz-fs-sm-13 brz-ls-sm-2 brz-text-sm-justify brz-ls-xs-2 brz-text-xs-center brz-tp-lg-abovetitle brz-fw-sm-700 brz-css-thdbd\" data-uniq-id=\"kBiRL\" data-generated-css=\"brz-css-fSPGt\"><span class=\"brz-cp-color2\">ADRESS<\/span><\/p>\n<\/div>\n<\/div>\n<\/div>\n<div id=\"\" class=\"brz-css-d-wrapper brz-css-2hwqdy brz-wrapper\">\n<div class=\"brz-rich-text brz-rich-text__custom brz-css-d-richtext brz-css-yevacr\" data-brz-custom-id=\"kDw2ZSNlAiJ_\">\n<div data-brz-translate-text=\"1\">\n<p class=\"brz-lh-xs-2 brz-fs-xs-16 brz-lh-sm-2 brz-fs-sm-16 brz-text-sm-justify brz-text-xs-center brz-tp-lg-paragraph brz-css-aG1ww\" data-uniq-id=\"qZ83T\" data-generated-css=\"brz-css-lXYzW\"><span class=\"brz-cp-color7\">F\u00f6rstamajgatan 3,<\/span><\/p>\n<p class=\"brz-lh-xs-2 brz-fs-xs-16 brz-lh-sm-2 brz-fs-sm-16 brz-text-sm-justify brz-text-xs-center brz-tp-lg-paragraph brz-css-l0v45\" data-uniq-id=\"n3GVz\" data-generated-css=\"brz-css-sekaa\"><span class=\"brz-cp-color7\">415 43 G\u00f6teborg <\/span><\/p>\n<\/div>\n<\/div>\n<\/div>\n<\/div>\n<\/div>\n<div class=\"brz-columns brz-css-d-column-column brz-css-1p5gm3n\" data-brz-custom-id=\"zD1BI7vsh1SX\">\n<div class=\"brz-column__items brz-css-d-column-bg brz-css-17auads\">\n<div id=\"\" class=\"brz-css-d-wrapper brz-css-3syyro brz-wrapper\">\n<div class=\"brz-rich-text brz-rich-text__custom brz-css-d-richtext brz-css-bg9b2x\" data-brz-custom-id=\"gy2q92Jip0iq\">\n<div data-brz-translate-text=\"1\">\n<p class=\"brz-fw-xs-700 brz-tp-lg-abovetitle brz-text-xs-center brz-lh-xs-1_7 brz-fs-xs-13 brz-lh-sm-1_7 brz-fs-sm-13 brz-ls-sm-2 brz-text-sm-justify brz-ls-xs-2 brz-fw-sm-700 brz-css-qe8JF\" data-uniq-id=\"evTeH\" data-generated-css=\"brz-css-atHDX\"><span class=\"brz-cp-color2\">TELEFONNUMMER<\/span><\/p>\n<\/div>\n<\/div>\n<\/div>\n<div id=\"\" class=\"brz-css-d-wrapper brz-css-1g8xk2p brz-wrapper\">\n<div class=\"brz-rich-text brz-rich-text__custom brz-css-d-richtext brz-css-kwxen5\" data-brz-custom-id=\"q5qmM3gQH92o\">\n<div data-brz-translate-text=\"1\">\n<p class=\"brz-lh-xs-2 brz-fs-xs-16 brz-text-sm-left brz-fs-sm-16 brz-lh-sm-2 brz-text-xs-center brz-tp-lg-paragraph brz-css-it7qr\" data-uniq-id=\"d3ZAv\" data-generated-css=\"brz-css-msbhk\"><a class=\"brz-cp-color7 link--external\" href=\"tel:031463848\" data-brz-link-type=\"external\">031-46 38 48<\/a><\/p>\n<p class=\"brz-css-yD5Rf\"><span><span class=\"brz-icon brz-span brz-css-d-icon-icon brz-css-1ujwo8j\"><\/span><\/span><\/p>\n<\/div>\n<\/div>\n<\/div>\n<\/div>\n<\/div>\n<div class=\"brz-columns brz-css-d-column-column brz-css-12ho0hr\" data-brz-custom-id=\"w5wtRstCKmUZ\">\n<div class=\"brz-column__items brz-css-d-column-bg brz-css-16nbo3u\">\n<div id=\"\" class=\"brz-css-d-wrapper brz-css-1fpq7ar brz-wrapper\">\n<div class=\"brz-image brz-css-d-image-qcsphp0c3fpd-parent brz-css-2uzavp\" data-brz-custom-id=\"qcsPHp0c3FPD\"><img decoding=\"async\" class=\"brz-img brz-img-svg\" src=\"https:\/\/direktencitytorget.se\/wp-content\/uploads\/2025\/12\/direkten-black.svg\" loading=\"lazy\" title=\"\"><\/div>\n<\/div>\n<div class=\"brz-wrapper-clone brz-flex-xs-wrap brz-css-d-cloneable brz-css-f5itli\" data-brz-custom-id=\"nEVtbBuN9zhH\">\n<div class=\"brz-icon__container\" data-brz-custom-id=\"ySk99hn7VR8m\"><a class=\"brz-a\" target=\"_blank\" rel=\"noopener noreferrer\" href=\"https:\/\/facebook.com\/DirektenCityTorget\" data-brz-link-type=\"external\"><span class=\"brz-icon brz-span brz-css-d-icon-icon brz-css-1cldf4h\"><\/span><\/a><\/div>\n<\/div>\n<div id=\"\" class=\"brz-css-d-wrapper brz-css-r-wrapper brz-css-d9q8mt brz-wrapper\">\n<div class=\"brz-spacer brz-css-d-spacer brz-css-1cxcyk\"><\/div>\n<\/div>\n<\/div>\n<\/div>\n<\/div>\n<\/div>\n<\/div>\n<\/footer><\/div>\n<p><!-- version:1765880867 --><\/p>\n","protected":false},"excerpt":{"rendered":"<p>DBET Vill du prova n\u00e5got nytt? Utmanaren till alla andra poolspel som vi \u00e4r vana vid. P\u00e5 Dbet hittar ni Supertipset och m\u00e5nga fler poolspelsprodukter i andelsform. Systemen l\u00e4mnas alltid in, minskas aldrig och har en st\u00f6rre andel av potten i utbetalning till spelarna. Till DBET Svenska Spel V\u00e4lkommen till ett av Sveriges ledande ombud! [&hellip;]<\/p>\n","protected":false},"author":1,"featured_media":0,"parent":0,"menu_order":0,"comment_status":"closed","ping_status":"closed","template":"brizy-blank-template.php","meta":{"footnotes":""},"class_list":["post-2","page","type-page","status-publish","hentry"],"brizy_media":[{"id":12,"url":"https:\/\/direktencitytorget.se\/wp-content\/uploads\/2025\/12\/469679550_8502364683207553_1635284712576023299_n.jpg","name":"469679550_8502364683207553_1635284712576023299_n.jpg","meta":{"brizy_attachment_uid":"wp-e9ee16991be3527cf5abe9a9c5ddda27.jpg","brizy_post_uid":["d486e1ef0b394500b3795a098d9e3e3a"]}},{"id":18,"url":"https:\/\/direktencitytorget.se\/wp-content\/uploads\/2025\/12\/direkten-background.jpg","name":"direkten-background.jpg","meta":{"brizy_attachment_uid":"wp-e5bbfb647b81ff671d7696f31a00314f.jpg","brizy_post_uid":["d486e1ef0b394500b3795a098d9e3e3a"]}},{"id":19,"url":"https:\/\/direktencitytorget.se\/wp-content\/uploads\/2025\/12\/direkten-background-new.jpg","name":"direkten-background-new.jpg","meta":{"brizy_attachment_uid":"wp-6283f2b57aafd211144abf1a1d9032e8.jpg","brizy_post_uid":["d486e1ef0b394500b3795a098d9e3e3a"]}},{"id":22,"url":"https:\/\/direktencitytorget.se\/wp-content\/uploads\/2025\/12\/direkten_logotyp_rod.png","name":"direkten_logotyp_rod.png","meta":{"brizy_attachment_uid":"wp-90c3898a369d8c6b3ef105eb4e0c9f32.png","brizy_post_uid":["d486e1ef0b394500b3795a098d9e3e3a"]}},{"id":23,"url":"https:\/\/direktencitytorget.se\/wp-content\/uploads\/2025\/12\/direkten-ct-logo.png","name":"direkten-ct-logo.png","meta":{"brizy_attachment_uid":"wp-60f566b7378d24d4d99906ac9586c52a.png","brizy_post_uid":["d486e1ef0b394500b3795a098d9e3e3a"]}},{"id":24,"url":"https:\/\/direktencitytorget.se\/wp-content\/uploads\/2025\/12\/direkten-ct-logo-white.png","name":"direkten-ct-logo-white.png","meta":{"brizy_attachment_uid":"wp-3727f1305098ed4fc834991b859b015d.png","brizy_post_uid":["d486e1ef0b394500b3795a098d9e3e3a"]}},{"id":60,"url":"https:\/\/direktencitytorget.se\/wp-content\/uploads\/2025\/12\/direkten.svg","name":"direkten.svg","meta":{"brizy_attachment_uid":"wp-ac602ad8a9aa2f26342623034c5bd21e.svg","brizy_post_uid":["d486e1ef0b394500b3795a098d9e3e3a"]}},{"id":61,"url":"https:\/\/direktencitytorget.se\/wp-content\/uploads\/2025\/12\/direkten-1.svg","name":"direkten-1.svg","meta":{"brizy_attachment_uid":"wp-850c8c1ad61da686f3e382a607ddd47b.svg","brizy_post_uid":["d486e1ef0b394500b3795a098d9e3e3a"]}},{"id":79,"url":"https:\/\/direktencitytorget.se\/wp-content\/uploads\/2025\/12\/dbet-scaled.jpg","name":"dbet.jpg","meta":{"brizy_attachment_uid":"wp-8cea41eb8301f0508d758817b1b9ebbf.jpg","brizy_post_uid":["d486e1ef0b394500b3795a098d9e3e3a"]}},{"id":80,"url":"https:\/\/direktencitytorget.se\/wp-content\/uploads\/2025\/12\/atg-scaled.jpg","name":"atg.jpg","meta":{"brizy_attachment_uid":"wp-5b6e125f799c9cf1010b1a6f9ab8117c.jpg","brizy_post_uid":["d486e1ef0b394500b3795a098d9e3e3a"]}},{"id":81,"url":"https:\/\/direktencitytorget.se\/wp-content\/uploads\/2025\/12\/svensk-spel-scaled.jpg","name":"svensk-spel.jpg","meta":{"brizy_attachment_uid":"wp-60611558e45999d3a4b5dc73db388ee4.jpg","brizy_post_uid":["d486e1ef0b394500b3795a098d9e3e3a"]}},{"id":85,"url":"https:\/\/direktencitytorget.se\/wp-content\/uploads\/2025\/12\/direkten-black.svg","name":"direkten-black.svg","meta":{"brizy_attachment_uid":"wp-86448aa2d1bc950e4a9895ee0f40b25a.svg","brizy_post_uid":["d486e1ef0b394500b3795a098d9e3e3a"]}}],"_links":{"self":[{"href":"https:\/\/direktencitytorget.se\/index.php?rest_route=\/wp\/v2\/pages\/2","targetHints":{"allow":["GET"]}}],"collection":[{"href":"https:\/\/direktencitytorget.se\/index.php?rest_route=\/wp\/v2\/pages"}],"about":[{"href":"https:\/\/direktencitytorget.se\/index.php?rest_route=\/wp\/v2\/types\/page"}],"author":[{"embeddable":true,"href":"https:\/\/direktencitytorget.se\/index.php?rest_route=\/wp\/v2\/users\/1"}],"replies":[{"embeddable":true,"href":"https:\/\/direktencitytorget.se\/index.php?rest_route=%2Fwp%2Fv2%2Fcomments&post=2"}],"version-history":[{"count":5,"href":"https:\/\/direktencitytorget.se\/index.php?rest_route=\/wp\/v2\/pages\/2\/revisions"}],"predecessor-version":[{"id":136,"href":"https:\/\/direktencitytorget.se\/index.php?rest_route=\/wp\/v2\/pages\/2\/revisions\/136"}],"wp:attachment":[{"href":"https:\/\/direktencitytorget.se\/index.php?rest_route=%2Fwp%2Fv2%2Fmedia&parent=2"}],"curies":[{"name":"wp","href":"https:\/\/api.w.org\/{rel}","templated":true}]}}